{"id":436,"date":"2023-12-04T11:00:24","date_gmt":"2023-12-04T11:00:24","guid":{"rendered":"https:\/\/dev.standshop.md\/?page_id=436"},"modified":"2024-01-15T15:38:48","modified_gmt":"2024-01-15T15:38:48","slug":"materialy-dlya-pechati","status":"publish","type":"page","link":"https:\/\/standshop.md\/ro\/pigmenti-si-cerneluri-apoase\/","title":{"rendered":"Pigmen\u021bi \u0219i cerneluri apoase"},"content":{"rendered":"<div class=\"wp-block-columns is-layout-flex wp-container-core-columns-layout-1 wp-block-columns-is-layout-flex\">\n<div class=\"wp-block-column is-layout-flow wp-block-column-is-layout-flow\">\n<figure class=\"wp-block-table\"><table><tbody><tr><th>Materiale tip\u0103rite pentru cerneal\u0103 pigmentat\u0103 \u0219i pe baz\u0103 de ap\u0103<\/th><th colspan=\"5\">Specification<\/th><\/tr><tr><td>Numele produselor<\/td><td>Latime\/m<\/td><td>Lungime\/m<\/td><td>Strat<\/td><td>Greutate gs\/m2<\/td><td>Cerneal\u0103<\/td><\/tr><tr><td>Cotton Canvas (Inkjet) 360 gr\/m2 Dye\/Pigment<\/td><td>1.067<\/td><td>20<\/td><td>Matt<\/td><td>360 gr<\/td><td>Dye \/ Pigment<\/td><\/tr><tr><td>Cotton Canvas (Inkjet) 360 gr\/m2 Dye Water based<\/td><td>0.914<\/td><td>18<\/td><td>Glossy<\/td><td>360 gr<\/td><td>Dye Water based<\/td><\/tr><tr><td>Cotton Canvas (Inkjet) 360 gr\/m2 Dye\/Pigment<\/td><td>0.914<\/td><td>18<\/td><td>Matt<\/td><td>360 gr<\/td><td>Dye \/ Pigment<\/td><\/tr><tr><td>Cotton Canvas (Inkjet) 360 gr\/m2 Dye Water based<\/td><td>0.610<\/td><td>18<\/td><td>Glossy<\/td><td>360 gr<\/td><td>Dye Water based<\/td><\/tr><tr><td>Cotton Canvas (Inkjet) 360 gr\/m2 Dye\/Pigment<\/td><td>0.610<\/td><td>18<\/td><td>Matt<\/td><td>360 gr<\/td><td>Dye \/ Pigment<\/td><\/tr><tr><td>Polyester Canvas 220gr\/m2 Dye Water based<\/td><td>0.914<\/td><td>18<\/td><td>Glossy<\/td><td>220 gr<\/td><td>Dye Water based<\/td><\/tr><tr><td>Photo Paper RC-base 230gr\/m2<\/td><td>0.914<\/td><td>30<\/td><td>Glossy<\/td><td>230 gr<\/td><td>Dye \/ Pigment<\/td><\/tr><tr><td>Photo Paper RC-base 230gr\/m2<\/td><td>0.610<\/td><td>30<\/td><td>Glossy<\/td><td>230 gr<\/td><td>Dye \/ Pigment<\/td><\/tr><tr><td>Photo Paper RC Satin 230gr\/m2<\/td><td>0.914<\/td><td>30<\/td><td>Silky<\/td><td>230 gr<\/td><td>Dye \/ Pigment<\/td><\/tr><tr><td>Photo Paper RC Satin 230gr\/m2<\/td><td>0.610<\/td><td>30<\/td><td>Silky<\/td><td>230 gr<\/td><td>Dye \/ Pigment<\/td><\/tr><tr><td>Synthetic PP Paper 200gr Waterproof Matte<\/td><td>0.914<\/td><td>30<\/td><td>Matt<\/td><td>200 gr<\/td><td>Dye \/ Pigment<\/td><\/tr><tr><td>Self-adhesive PP Photo Paper WP-120 MNL<\/td><td>1.070<\/td><td>30<\/td><td>Matt<\/td><td>120um\/95gsm<\/td><td>Dye \/ Pigment<\/td><\/tr><tr><td>Inkjet Photo Paper 230gr\/m2<\/td><td>1.270<\/td><td>30<\/td><td>Glossy<\/td><td>230 gr<\/td><td>Dye Water based<\/td><\/tr><tr><td>Inkjet Photo Paper 230gr\/m2<\/td><td>0.914<\/td><td>30<\/td><td>Glossy<\/td><td>230 gr<\/td><td>Dye Water based<\/td><\/tr><tr><td>Inkjet Photo Paper 230gr\/m2<\/td><td>0.914<\/td><td>30<\/td><td>Matt<\/td><td>230 gr<\/td><td>Dye Water based<\/td><\/tr><tr><td>Inkjet Photo Paper 230gr\/m2<\/td><td>0.635<\/td><td>30<\/td><td>Glossy<\/td><td>230 gr<\/td><td>Dye Water based<\/td><\/tr><tr><td>Inkjet Photo Paper 230gr\/m2<\/td><td>0.635<\/td><td>30<\/td><td>Matt<\/td><td>230 gr<\/td><td>Dye Water based<\/td><\/tr><tr><td>PET Backlit Film 100 micron back printing (Waterproof)<\/td><td>0.914<\/td><td>50<\/td><td>Matt<\/td><td>100um<\/td><td>Dye Water based<\/td><\/tr><\/tbody><\/table><\/figure>\n<\/div>\n<\/div>\n\n\n\n<p><strong>Not\u0103: Toate materialele pigmentare sunt potrivite \u0219i pentru cerneluri pe baz\u0103 de ap\u0103.<\/strong><\/p>\n\n\n\n<figure class=\"wp-block-table\"><table><tbody><tr><th colspan=\"4\">Polistiren expandat<\/th><\/tr><tr><td colspan=\"2\">Numele produselor<\/td><td>Dimensiuni, m<\/td><\/tr><tr><td>Polistiren expandat 10 mm 1220mm \u0445 2440mm<\/td><td>\u00abFoamcore\u00bb Foam board<\/td><td>1.22<\/td><td>2.44<\/td><\/tr><tr><td>Polistiren expandat 5 mm 1220mm \u0445 2440mm<\/td><td>\u00abFoamcore\u00bb Foam board<\/td><td>1.22<\/td><td>2.44<\/td><\/tr><tr><td>Polistiren expandat 5 mm 1000mm \u0445 1400mm<\/td><td>\u00abFoamcore\u00bb Foam board<\/td><td>1.00<\/td><td>1.40<\/td><\/tr><\/tbody><\/table><\/figure>\n\n\n\n<figure class=\"wp-block-table\"><table><tbody><tr><th>Accesorii<\/th><\/tr><tr><td>Inel Grommet \u201eOchiuri\u201d (galvanizat Europa) 10 mm<\/td><\/tr><tr><td>Pres\u0103 cu inel de 10 mm<\/td><\/tr><\/tbody><\/table><\/figure>\n\n\n\n<figure class=\"wp-block-table\"><table><tbody><tr><th>Numele produselor<\/th><th>Products Name<\/th><th>Latime\/m<\/th><th>Lungime\/m<\/th><th>Grosime<\/th><\/tr><tr><td>Film pentru rezervarea oglinzilor (rezervarea filmului pentru oglind\u0103)<\/td><td>Protective film (film de protectie)<\/td><td>1,235<\/td><td>100<\/td><td>130<\/td><\/tr><tr><td>Film pentru rezervarea oglinzilor (rezervarea filmului pentru oglind\u0103)<\/td><td>Protective film (film de protectie)<\/td><td>0,815<\/td><td>100<\/td><td>130<\/td><\/tr><\/tbody><\/table><\/figure>\n\n\n\n<div style=\"height:20px\" aria-hidden=\"true\" class=\"wp-block-spacer\"><\/div>","protected":false},"excerpt":{"rendered":"\u041f\u0435\u0447\u0430\u0442\u043d\u044b\u0435 \u043c\u0430\u0442\u0435\u0440\u0438\u0430\u043b\u044b \u043f\u043e\u0434 \u041f\u0438\u0433\u043c\u0435\u043d\u0442\u043d\u044b\u0435 \u0438 \u0412\u043e\u0434\u043d\u044b\u0435 \u0447\u0435\u0440\u043d\u0438\u043b\u0430 \u0421\u043f\u0435\u0446\u0438\u0444\u0438\u043a\u0430\u0446\u0438\u044f \u041d\u0430\u0438\u043c\u0435\u043d\u043e\u0432\u0430\u043d\u0438\u0435 \u0428\u0438\u0440\u0438\u043d\u0430\/\u043c \u0414\u043b\u0438\u043d\u0430\/\u043c \u041f\u043e\u043a\u0440\u044b\u0442\u0438\u0435 \u041f\u043b\u043e\u0442\u043d\u043e\u0441\u0442\u044c \u0427\u0435\u0440\u043d\u0438\u043b\u0430 \u0425\u043e\u043b\u0441\u0442 \u041d\u0430\u0442\u0443\u0440\u0430\u043b\u044c\u043d\u044b\u0439 \u0412\u043e\u0434\u043d\u044b\u0439\/\u041f\u0438\u0433\u043c\u0435\u043d\u0442 360gr\/m2 1.067 20 Matt 360 gr Dye \/ Pigment \u0425\u043e\u043b\u0441\u0442 \u041d\u0430\u0442\u0443\u0440\u0430\u043b\u044c\u043d\u044b\u0439 \u0412\u043e\u0434\u043d\u044b\u0439 360gr\/m2 0.914 18 Glossy 360 gr Dye Water based \u0425\u043e\u043b\u0441\u0442 \u041d\u0430\u0442\u0443\u0440\u0430\u043b\u044c\u043d\u044b\u0439 \u0412\u043e\u0434\u043d\u044b\u0439\/\u041f\u0438\u0433\u043c\u0435\u043d\u0442 360gr\/m2 0.914 18 Matt 360 gr Dye \/ Pigment \u0425\u043e\u043b\u0441\u0442 \u041d\u0430\u0442\u0443\u0440\u0430\u043b\u044c\u043d\u044b\u0439 \u0412\u043e\u0434\u043d\u044b\u0439 360gr\/m2 0.610 &hellip; <a href=\"https:\/\/standshop.md\/ro\/pigmenti-si-cerneluri-apoase\/\">Continued<\/a>","protected":false},"author":1,"featured_media":0,"parent":0,"menu_order":0,"comment_status":"closed","ping_status":"closed","template":"","meta":{"_acf_changed":false,"footnotes":""},"acf":[],"_links":{"self":[{"href":"https:\/\/standshop.md\/ro\/wp-json\/wp\/v2\/pages\/436"}],"collection":[{"href":"https:\/\/standshop.md\/ro\/wp-json\/wp\/v2\/pages"}],"about":[{"href":"https:\/\/standshop.md\/ro\/wp-json\/wp\/v2\/types\/page"}],"author":[{"embeddable":true,"href":"https:\/\/standshop.md\/ro\/wp-json\/wp\/v2\/users\/1"}],"replies":[{"embeddable":true,"href":"https:\/\/standshop.md\/ro\/wp-json\/wp\/v2\/comments?post=436"}],"version-history":[{"count":8,"href":"https:\/\/standshop.md\/ro\/wp-json\/wp\/v2\/pages\/436\/revisions"}],"predecessor-version":[{"id":483,"href":"https:\/\/standshop.md\/ro\/wp-json\/wp\/v2\/pages\/436\/revisions\/483"}],"wp:attachment":[{"href":"https:\/\/standshop.md\/ro\/wp-json\/wp\/v2\/media?parent=436"}],"curies":[{"name":"wp","href":"https:\/\/api.w.org\/{rel}","templated":true}]}}