{"id":382,"date":"2023-11-30T14:55:47","date_gmt":"2023-11-30T14:55:47","guid":{"rendered":"https:\/\/dev.standshop.md\/?post_type=product&#038;p=382"},"modified":"2024-03-28T11:05:04","modified_gmt":"2024-03-28T11:05:04","slug":"feather-flying-banner-flagi-pero-i-kaplya","status":"publish","type":"product","link":"https:\/\/standshop.md\/ro\/produs\/feather-flying-banner\/","title":{"rendered":"Steaguri Feather flag (pan\u0103, vel\u0103) \u015fi Flying flag (picatura)"},"content":{"rendered":"<p>Steaguri Feather flag (pan\u0103, vel\u0103) \u015fi Flying flag (picatura) \u2013 este o varietate a steagurilor stradale (outdoor), care, deja, au cucerit o popularitate \u00een Europa, dar acum \u015fi la noi \u00een Moldova devin mai populare. Datorit construc\u0163iei sale neobisnuite, acestea steaguri publicitare sunt ideal potrivite pentru scopuri publicitare outdoor. Dinamica steagurilor \u00een pozi\u0163ionarea lor stradala (outdoor) permite suficient de efectiv a capta cu usurin\u0163a aten\u0163ia audien\u0163ei. Sisteme de prindere acestor permit transmiterea mai calitativ\u0103 a mesajului (informa\u0163iei)publicitar (e), reie\u015find din calitatea acestor sisteme \u015fi pozi\u0163ionarea lor static\u0103 chiar \u015fi la condi\u0163ii meteorologice nefavorabile, ploi abundente, v\u00eent puternic, etc.<\/p>\n<p>Steagurile publicitare pot deveni (servi)un atribut maiestos al oric\u0103rui eveniment, eficient capta aten\u0163ia c\u0103tre compania sau brand-ul Dvs. Catargul (flagstaff) este fabricat din fibra durabil\u0103 \u015fi aluminiu, este u\u015for, compact, mobil, u\u015for se asambleaz\u0103 \u015fi disasambleaz\u0103.\n\nConstruc\u0163ia este constituit\u0103 din trei elemente diferite: steagul propriu \u2013 p\u00eenza, catargul pe care se fixeaz\u0103 steagul \u015fi suportul pe care se fixeaz\u0103 catargul cu steag.<\/p>\n<table style=\"border-collapse: collapse; width: 100%; height: 168px;\">\n<tbody>\n<tr style=\"height: 24px;\">\n<td style=\"width: 25%; height: 24px; text-align: center;\"><strong>Nume<\/strong><\/td>\n<td style=\"width: 25%; height: 24px; text-align: center;\"><strong>Dimensiune<\/strong><\/td>\n<td style=\"width: 25%; height: 24px; text-align: center;\"><strong>Catarg de steag<\/strong><\/td>\n<td style=\"width: 25%; height: 24px; text-align: center;\"><strong>Imagine<\/strong><\/td>\n<\/tr>\n<tr style=\"height: 24px;\">\n<td style=\"width: 25%; height: 24px; text-align: center;\">Feather flag<\/td>\n<td style=\"width: 25%; height: 24px; text-align: center;\">S<\/td>\n<td style=\"width: 25%; height: 24px; text-align: center;\">290 cm<\/td>\n<td style=\"width: 25%; height: 24px; text-align: center;\">65 \u00d7 205cm<\/td>\n<\/tr>\n<tr style=\"height: 24px;\">\n<td style=\"width: 25%; height: 24px; text-align: center;\">Feather flag<\/td>\n<td style=\"width: 25%; height: 24px; text-align: center;\">M<\/td>\n<td style=\"width: 25%; height: 24px; text-align: center;\">390 cm<\/td>\n<td style=\"width: 25%; height: 24px; text-align: center;\">75 \u00d7 300cm<\/td>\n<\/tr>\n<tr style=\"height: 24px;\">\n<td style=\"width: 25%; height: 24px; text-align: center;\">Feather flag<\/td>\n<td style=\"width: 25%; height: 24px; text-align: center;\">L<\/td>\n<td style=\"width: 25%; height: 24px; text-align: center;\">520 cm<\/td>\n<td style=\"width: 25%; height: 24px; text-align: center;\">80 \u00d7 420cm<\/td>\n<\/tr>\n<tr style=\"height: 24px;\">\n<td style=\"width: 25%; height: 24px; text-align: center;\">Flying flag<\/td>\n<td style=\"width: 25%; height: 24px; text-align: center;\">S<\/td>\n<td style=\"width: 25%; height: 24px; text-align: center;\">290 cm<\/td>\n<td style=\"width: 25%; height: 24px; text-align: center;\">80 \u00d7 170cm<\/td>\n<\/tr>\n<tr style=\"height: 24px;\">\n<td style=\"width: 25%; height: 24px; text-align: center;\">Flying flag<\/td>\n<td style=\"width: 25%; height: 24px; text-align: center;\">M<\/td>\n<td style=\"width: 25%; height: 24px; text-align: center;\">430 cm<\/td>\n<td style=\"width: 25%; height: 24px; text-align: center;\">100 \u00d7 300cm<\/td>\n<\/tr>\n<tr style=\"height: 24px;\">\n<td style=\"width: 25%; height: 24px; text-align: center;\">Flying flag<\/td>\n<td style=\"width: 25%; height: 24px; text-align: center;\">L<\/td>\n<td style=\"width: 25%; height: 24px; text-align: center;\">570 cm<\/td>\n<td style=\"width: 25%; height: 24px; text-align: center;\">120 \u00d7 360cm<\/td>\n<\/tr>\n<\/tbody>\n<\/table>","protected":false},"excerpt":{"rendered":"\u0424\u043b\u0430\u0433\u0438 Feather flag (\u041f\u0435\u0440\u043e,\u041f\u0430\u0440\u0443\u0441) \u0438 Flying flag (\u041a\u0430\u043f\u043b\u044f) \u2013 \u0440\u0430\u0437\u043d\u043e\u0432\u0438\u0434\u043d\u043e\u0441\u0442\u0438 \u0443\u043b\u0438\u0447\u043d\u044b\u0445 \u0444\u043b\u0430\u0433\u043e\u0432, \u0431\u044b\u0441\u0442\u0440\u043e \u043d\u0430\u0431\u0438\u0440\u0430\u044e\u0449\u0430\u044f \u043f\u043e\u043f\u0443\u043b\u044f\u0440\u043d\u043e\u0441\u0442\u044c \u0432 \u0415\u0432\u0440\u043e\u043f\u0435, \u0430 \u0441\u0435\u0439\u0447\u0430\u0441 \u0438 \u0432 \u041c\u043e\u043b\u0434\u043e\u0432\u0435. \u0411\u043b\u0430\u0433\u043e\u0434\u0430\u0440\u044f \u0441\u0432\u043e\u0435\u0439 \u043d\u0435\u043e\u0431\u044b\u0447\u043d\u043e\u0439 \u0444\u043e\u0440\u043c\u0435, \u0442\u0430\u043a\u0438\u0435 \u0444\u043b\u0430\u0433\u0438 \u0438\u0434\u0435\u0430\u043b\u044c\u043d\u043e \u043f\u043e\u0434\u0445\u043e\u0434\u044f\u0442 \u0434\u043b\u044f \u0440\u0435\u043a\u043b\u0430\u043c\u043d\u044b\u0445 \u0446\u0435\u043b\u0435\u0439. \u0414\u0438\u043d\u0430\u043c\u0438\u043a\u0430 \u043f\u043e\u0432\u0435\u0434\u0435\u043d\u0438\u044f \u0444\u043b\u0430\u0433\u043e\u0432 \u043f\u043e\u0437\u0432\u043e\u043b\u044f\u0435\u0442 \u0438\u043c \u0434\u043e\u0441\u0442\u0430\u0442\u043e\u0447\u043d\u043e \u044d\u0444\u0444\u0435\u043a\u0442\u0438\u0432\u043d\u043e \u043f\u0440\u0438\u0432\u043b\u0435\u043a\u0430\u0442\u044c \u043a \u0441\u0435\u0431\u0435 \u0432\u043d\u0438\u043c\u0430\u043d\u0438\u0435. \u0418\u0445 \u043a\u0440\u0435\u043f\u043b\u0435\u043d\u0438\u0435 \u043f\u043e\u0437\u0432\u043e\u043b\u044f\u0435\u0442 \u0431\u043e\u043b\u0435\u0435 \u043a\u0430\u0447\u0435\u0441\u0442\u0432\u0435\u043d\u043d\u043e \u043f\u0435\u0440\u0435\u0434\u0430\u0432\u0430\u0442\u044c \u0440\u0435\u043a\u043b\u0430\u043c\u043d\u0443\u044e \u0438\u043d\u0444\u043e\u0440\u043c\u0430\u0446\u0438\u044e, \u0442\u0430\u043a \u043a\u0430\u043a \u0441\u0442\u0430\u0442\u0438\u0447\u043d\u044b &hellip; <a href=\"https:\/\/standshop.md\/ro\/produs\/feather-flying-banner\/\">Continued<\/a>","protected":false},"featured_media":420,"template":"","meta":{"_acf_changed":false},"product_cat":[19,26],"product_tag":[],"acf":[],"_links":{"self":[{"href":"https:\/\/standshop.md\/ro\/wp-json\/wp\/v2\/product\/382"}],"collection":[{"href":"https:\/\/standshop.md\/ro\/wp-json\/wp\/v2\/product"}],"about":[{"href":"https:\/\/standshop.md\/ro\/wp-json\/wp\/v2\/types\/product"}],"wp:featuredmedia":[{"embeddable":true,"href":"https:\/\/standshop.md\/ro\/wp-json\/wp\/v2\/media\/420"}],"wp:attachment":[{"href":"https:\/\/standshop.md\/ro\/wp-json\/wp\/v2\/media?parent=382"}],"wp:term":[{"taxonomy":"product_cat","embeddable":true,"href":"https:\/\/standshop.md\/ro\/wp-json\/wp\/v2\/product_cat?post=382"},{"taxonomy":"product_tag","embeddable":true,"href":"https:\/\/standshop.md\/ro\/wp-json\/wp\/v2\/product_tag?post=382"}],"curies":[{"name":"wp","href":"https:\/\/api.w.org\/{rel}","templated":true}]}}